{"id":106,"date":"2022-07-16T18:24:28","date_gmt":"2022-07-16T22:24:28","guid":{"rendered":"https:\/\/galensolutionsgroup.com\/?page_id=106"},"modified":"2022-09-13T21:06:21","modified_gmt":"2022-09-14T01:06:21","slug":"who-is-gsg","status":"publish","type":"page","link":"https:\/\/galensolutionsgroup.com\/es\/about-us\/who-is-gsg\/","title":{"rendered":"\u00bfQui\u00e9n es GGS?"},"content":{"rendered":"<div class=\"wp-block-cover alignfull\"><span aria-hidden=\"true\" class=\"wp-block-cover__background has-background-dim\" style=\"background-color:#0c1d46\"><\/span><img loading=\"lazy\" decoding=\"async\" width=\"720\" height=\"416\" class=\"wp-block-cover__image-background wp-image-514\" alt=\"\" src=\"https:\/\/galensolutionsgroup.com\/wp-content\/uploads\/2022\/09\/gsg_Slide_Background_cropped.jpg\" data-object-fit=\"cover\" srcset=\"https:\/\/galensolutionsgroup.com\/wp-content\/uploads\/2022\/09\/gsg_Slide_Background_cropped.jpg 720w, https:\/\/galensolutionsgroup.com\/wp-content\/uploads\/2022\/09\/gsg_Slide_Background_cropped-300x173.jpg 300w, https:\/\/galensolutionsgroup.com\/wp-content\/uploads\/2022\/09\/gsg_Slide_Background_cropped-18x10.jpg 18w\" sizes=\"auto, (max-width: 720px) 100vw, 720px\" \/><div class=\"wp-block-cover__inner-container is-layout-flow wp-block-cover-is-layout-flow\">\n<div class=\"wp-block-group alignwide groupwide has-text-color has-background\" style=\"color:#aaafc6;background-color:#00000000\"><div class=\"wp-block-group__inner-container is-layout-flow wp-block-group-is-layout-flow\">\n<h2 class=\"has-text-align-center has-white-color has-text-color wp-block-heading\">Galen Solutions Group<\/h2>\n\n\n\n<div class=\"wp-block-media-text alignwide is-stacked-on-mobile\"><figure class=\"wp-block-media-text__media\"><img loading=\"lazy\" decoding=\"async\" width=\"400\" height=\"200\" src=\"https:\/\/galensolutionsgroup.com\/wp-content\/uploads\/2022\/07\/whoisgsg.webp\" alt=\"\" class=\"wp-image-203 size-full\" srcset=\"https:\/\/galensolutionsgroup.com\/wp-content\/uploads\/2022\/07\/whoisgsg.webp 400w, https:\/\/galensolutionsgroup.com\/wp-content\/uploads\/2022\/07\/whoisgsg-300x150.webp 300w, https:\/\/galensolutionsgroup.com\/wp-content\/uploads\/2022\/07\/whoisgsg-18x9.webp 18w\" sizes=\"auto, (max-width: 400px) 100vw, 400px\" \/><\/figure><div class=\"wp-block-media-text__content\">\n<ul class=\"has-white-color has-text-color wp-block-list\">\n<li>Galen Solutions Group (GSG) es un grupo de servicios profesionales con m\u00e1s de 100 a\u00f1os de experiencia combinada en el dise\u00f1o, desarrollo e implementaci\u00f3n de sistemas de soporte de decisiones (DSS) que optimizan y automatizan sistemas complejos, incluida la gesti\u00f3n de flotas y carga; Equipo de Protecci\u00f3n Personal (EPP); adquisici\u00f3n de suministros; la gesti\u00f3n del inventario; y an\u00e1lisis de costos y precios.\u200b<\/li>\n\n\n\n<li>La experiencia de nuestro grupo incluye agencias federales de EE. UU., Departamento de Defensa, clientes comerciales e internacionales.<\/li>\n\n\n\n<li>Nos apasiona brindar soluciones \u00fanicas y un valor comercial sin igual basado en la transparencia, tecnolog\u00eda avanzada y an\u00e1lisis personalizados para sus necesidades comerciales \u00fanicas.<\/li>\n<\/ul>\n<\/div><\/div>\n<\/div><\/div>\n<\/div><\/div>","protected":false},"excerpt":{"rendered":"","protected":false},"author":1,"featured_media":0,"parent":104,"menu_order":0,"comment_status":"closed","ping_status":"closed","template":"","meta":{"footnotes":""},"class_list":["post-106","page","type-page","status-publish","hentry"],"aioseo_notices":[],"_links":{"self":[{"href":"https:\/\/galensolutionsgroup.com\/es\/wp-json\/wp\/v2\/pages\/106","targetHints":{"allow":["GET"]}}],"collection":[{"href":"https:\/\/galensolutionsgroup.com\/es\/wp-json\/wp\/v2\/pages"}],"about":[{"href":"https:\/\/galensolutionsgroup.com\/es\/wp-json\/wp\/v2\/types\/page"}],"author":[{"embeddable":true,"href":"https:\/\/galensolutionsgroup.com\/es\/wp-json\/wp\/v2\/users\/1"}],"replies":[{"embeddable":true,"href":"https:\/\/galensolutionsgroup.com\/es\/wp-json\/wp\/v2\/comments?post=106"}],"version-history":[{"count":5,"href":"https:\/\/galensolutionsgroup.com\/es\/wp-json\/wp\/v2\/pages\/106\/revisions"}],"predecessor-version":[{"id":518,"href":"https:\/\/galensolutionsgroup.com\/es\/wp-json\/wp\/v2\/pages\/106\/revisions\/518"}],"up":[{"embeddable":true,"href":"https:\/\/galensolutionsgroup.com\/es\/wp-json\/wp\/v2\/pages\/104"}],"wp:attachment":[{"href":"https:\/\/galensolutionsgroup.com\/es\/wp-json\/wp\/v2\/media?parent=106"}],"curies":[{"name":"wp","href":"https:\/\/api.w.org\/{rel}","templated":true}]}}