{"id":290,"date":"2022-07-31T16:57:45","date_gmt":"2022-07-31T20:57:45","guid":{"rendered":"https:\/\/galensolutionsgroup.com\/?page_id=290"},"modified":"2022-09-19T00:15:33","modified_gmt":"2022-09-19T04:15:33","slug":"ordering-and-distribution-center","status":"publish","type":"page","link":"https:\/\/galensolutionsgroup.com\/es\/ordering-and-distribution-center\/","title":{"rendered":"Centro de pedidos y distribuci\u00f3n"},"content":{"rendered":"<div class=\"wp-block-cover alignfull\"><span aria-hidden=\"true\" class=\"wp-block-cover__background has-background-dim-0 has-background-dim\" style=\"background-color:#0c1d46\"><\/span><img loading=\"lazy\" decoding=\"async\" width=\"720\" height=\"416\" class=\"wp-block-cover__image-background wp-image-514\" alt=\"\" src=\"https:\/\/galensolutionsgroup.com\/wp-content\/uploads\/2022\/09\/gsg_Slide_Background_cropped.jpg\" data-object-fit=\"cover\" srcset=\"https:\/\/galensolutionsgroup.com\/wp-content\/uploads\/2022\/09\/gsg_Slide_Background_cropped.jpg 720w, https:\/\/galensolutionsgroup.com\/wp-content\/uploads\/2022\/09\/gsg_Slide_Background_cropped-300x173.jpg 300w, https:\/\/galensolutionsgroup.com\/wp-content\/uploads\/2022\/09\/gsg_Slide_Background_cropped-18x10.jpg 18w\" sizes=\"auto, (max-width: 720px) 100vw, 720px\" \/><div class=\"wp-block-cover__inner-container is-layout-flow wp-block-cover-is-layout-flow\">\n<div class=\"wp-block-group alignwide groupwide has-text-color has-background\" style=\"color:#aaafc6;background-color:#00000000\"><div class=\"wp-block-group__inner-container is-layout-flow wp-block-group-is-layout-flow\">\n<h2 class=\"has-text-align-center has-white-color has-text-color wp-block-heading\">Centro de pedidos y distribuci\u00f3n<\/h2>\n\n\n\n<div class=\"wp-block-columns alignfull is-layout-flex wp-container-core-columns-is-layout-9d6595d7 wp-block-columns-is-layout-flex\">\n<div class=\"wp-block-column is-vertically-aligned-center is-layout-flow wp-block-column-is-layout-flow\" style=\"flex-basis:45%\">\n<figure class=\"wp-block-image alignfull size-large\"><img loading=\"lazy\" decoding=\"async\" width=\"1024\" height=\"777\" src=\"https:\/\/galensolutionsgroup.com\/wp-content\/uploads\/2022\/07\/CentralizedHubUmbrella-1024x777.png\" alt=\"\" class=\"wp-image-291\" srcset=\"https:\/\/galensolutionsgroup.com\/wp-content\/uploads\/2022\/07\/CentralizedHubUmbrella-1024x777.png 1024w, https:\/\/galensolutionsgroup.com\/wp-content\/uploads\/2022\/07\/CentralizedHubUmbrella-300x228.png 300w, https:\/\/galensolutionsgroup.com\/wp-content\/uploads\/2022\/07\/CentralizedHubUmbrella-768x583.png 768w, https:\/\/galensolutionsgroup.com\/wp-content\/uploads\/2022\/07\/CentralizedHubUmbrella-1536x1166.png 1536w, https:\/\/galensolutionsgroup.com\/wp-content\/uploads\/2022\/07\/CentralizedHubUmbrella-16x12.png 16w, https:\/\/galensolutionsgroup.com\/wp-content\/uploads\/2022\/07\/CentralizedHubUmbrella.png 1931w\" sizes=\"auto, (max-width: 1024px) 100vw, 1024px\" \/><\/figure>\n<\/div>\n\n\n\n<div class=\"wp-block-column is-vertically-aligned-top has-white-color has-text-color is-layout-flow wp-block-column-is-layout-flow\" style=\"flex-basis:55%\">\n<p>Un centro de distribuci\u00f3n proporciona compras colectivas y \u00f3rdenes coordinadas para todos los productos con un eficiente sistema de soporte de decisiones (DSS).<br>Una colecci\u00f3n de requisitos de inventario de empresas independientes se re\u00fanen en un Hub-Umbrella centralizado.<br>Una soluci\u00f3n general centralizada optimiza el mantenimiento de las cadenas de suministro<\/p>\n\n\n\n<ul class=\"wp-block-list\">\n<li>Cree una unidad de control centralizada que coordine el control de inventario para todos los miembros que est\u00e1n en un grupo.<\/li>\n\n\n\n<li>El Galen DSS se inserta en todas las ubicaciones de los miembros, as\u00ed como en el sitio central.<\/li>\n\n\n\n<li>Los pron\u00f3sticos de demanda, la gesti\u00f3n de inventario y los informes matutinos se calculan en el sitio central y se transmiten a los miembros del grupo todos los d\u00edas.<\/li>\n\n\n\n<li>Central responde a los requisitos del grupo con pedidos al por mayor.<\/li>\n\n\n\n<li>Una vez recibidos, los pedidos al por mayor se analizan y distribuyen a los miembros.<\/li>\n\n\n\n<li>Una biblioteca de rutinas de optimizaci\u00f3n se adapta a un dominio espec\u00edfico y se pone a disposici\u00f3n de los miembros participantes.<\/li>\n<\/ul>\n\n\n\n<p><strong>Las aplicaciones de Galen automatizan el control central y optimizan la gesti\u00f3n de inventario<\/strong><\/p>\n\n\n\n<p><strong>Los ingresos aumentan y los costos operativos se reducen.<\/strong><\/p>\n<\/div>\n<\/div>\n<\/div><\/div>\n\n\n\n<div class=\"wp-block-group alignwide groupwide\"><div class=\"wp-block-group__inner-container is-layout-flow wp-block-group-is-layout-flow\">\n<h2 class=\"has-text-align-center wp-block-heading\">Beneficios del soporte de decisiones automatizado<\/h2>\n\n\n<div class=\"wp-block-image\">\n<figure class=\"aligncenter size-full\"><img loading=\"lazy\" decoding=\"async\" width=\"265\" height=\"175\" src=\"https:\/\/galensolutionsgroup.com\/wp-content\/uploads\/2022\/09\/optim.webp\" alt=\"\" class=\"wp-image-786\" srcset=\"https:\/\/galensolutionsgroup.com\/wp-content\/uploads\/2022\/09\/optim.webp 265w, https:\/\/galensolutionsgroup.com\/wp-content\/uploads\/2022\/09\/optim-18x12.webp 18w\" sizes=\"auto, (max-width: 265px) 100vw, 265px\" \/><\/figure>\n<\/div>\n\n\n<ul class=\"has-white-color has-text-color has-medium-font-size wp-block-list\">\n<li>Procesamiento automatizado y asociaci\u00f3n de fuentes de datos de proyectos y programas.<\/li>\n\n\n\n<li>R\u00e1pida respuesta a las consultas.<\/li>\n\n\n\n<li>Cursos de acci\u00f3n diarios<\/li>\n\n\n\n<li>An\u00e1lisis de impacto, evaluaci\u00f3n de riesgos, priorizaci\u00f3n<\/li>\n\n\n\n<li>Pron\u00f3stico anal\u00edtico<\/li>\n<\/ul>\n\n\n\n<div class=\"wp-block-buttons is-layout-flex wp-block-buttons-is-layout-flex\">\n<div class=\"wp-block-button aligncenter has-custom-font-size is-style-outline has-small-font-size is-style-outline--1\"><a class=\"wp-block-button__link has-white-color has-text-color has-background wp-element-button\" href=\"https:\/\/galensolutionsgroup.com\/es\/decision-support\/galen-dss\/\" style=\"border-radius:5px;background-color:#0c1d46\"><strong>APRENDE M\u00c1S<\/strong><\/a><\/div>\n<\/div>\n<\/div><\/div>\n<\/div><\/div>","protected":false},"excerpt":{"rendered":"","protected":false},"author":1,"featured_media":0,"parent":0,"menu_order":0,"comment_status":"closed","ping_status":"closed","template":"","meta":{"footnotes":""},"class_list":["post-290","page","type-page","status-publish","hentry"],"aioseo_notices":[],"_links":{"self":[{"href":"https:\/\/galensolutionsgroup.com\/es\/wp-json\/wp\/v2\/pages\/290","targetHints":{"allow":["GET"]}}],"collection":[{"href":"https:\/\/galensolutionsgroup.com\/es\/wp-json\/wp\/v2\/pages"}],"about":[{"href":"https:\/\/galensolutionsgroup.com\/es\/wp-json\/wp\/v2\/types\/page"}],"author":[{"embeddable":true,"href":"https:\/\/galensolutionsgroup.com\/es\/wp-json\/wp\/v2\/users\/1"}],"replies":[{"embeddable":true,"href":"https:\/\/galensolutionsgroup.com\/es\/wp-json\/wp\/v2\/comments?post=290"}],"version-history":[{"count":10,"href":"https:\/\/galensolutionsgroup.com\/es\/wp-json\/wp\/v2\/pages\/290\/revisions"}],"predecessor-version":[{"id":816,"href":"https:\/\/galensolutionsgroup.com\/es\/wp-json\/wp\/v2\/pages\/290\/revisions\/816"}],"wp:attachment":[{"href":"https:\/\/galensolutionsgroup.com\/es\/wp-json\/wp\/v2\/media?parent=290"}],"curies":[{"name":"wp","href":"https:\/\/api.w.org\/{rel}","templated":true}]}}