{"id":295,"date":"2022-07-31T17:16:02","date_gmt":"2022-07-31T21:16:02","guid":{"rendered":"https:\/\/galensolutionsgroup.com\/?page_id=295"},"modified":"2022-09-24T20:48:55","modified_gmt":"2022-09-25T00:48:55","slug":"galen-value","status":"publish","type":"page","link":"https:\/\/galensolutionsgroup.com\/es\/pbms-and-rebates\/galen-value\/","title":{"rendered":"An\u00e1lisis de valor de Galeno"},"content":{"rendered":"<div class=\"wp-block-cover alignfull\"><span aria-hidden=\"true\" class=\"wp-block-cover__background has-background-dim-0 has-background-dim\" style=\"background-color:#0c1d46\"><\/span><img loading=\"lazy\" decoding=\"async\" width=\"720\" height=\"416\" class=\"wp-block-cover__image-background wp-image-514\" alt=\"\" src=\"https:\/\/galensolutionsgroup.com\/wp-content\/uploads\/2022\/09\/gsg_Slide_Background_cropped.jpg\" data-object-fit=\"cover\" srcset=\"https:\/\/galensolutionsgroup.com\/wp-content\/uploads\/2022\/09\/gsg_Slide_Background_cropped.jpg 720w, https:\/\/galensolutionsgroup.com\/wp-content\/uploads\/2022\/09\/gsg_Slide_Background_cropped-300x173.jpg 300w, https:\/\/galensolutionsgroup.com\/wp-content\/uploads\/2022\/09\/gsg_Slide_Background_cropped-18x10.jpg 18w\" sizes=\"auto, (max-width: 720px) 100vw, 720px\" \/><div class=\"wp-block-cover__inner-container is-layout-flow wp-block-cover-is-layout-flow\">\n<div class=\"wp-block-group alignwide groupwide has-white-color has-text-color has-background\" style=\"background-color:#00000000\"><div class=\"wp-block-group__inner-container is-layout-flow wp-block-group-is-layout-flow\">\n<h2 class=\"has-text-align-center has-white-color has-text-color wp-block-heading\">An\u00e1lisis de valor<\/h2>\n\n\n<div class=\"wp-block-image\">\n<figure class=\"aligncenter size-full\"><img loading=\"lazy\" decoding=\"async\" width=\"241\" height=\"175\" src=\"https:\/\/galensolutionsgroup.com\/wp-content\/uploads\/2022\/09\/dss_5_brain-1.jpg\" alt=\"\" class=\"wp-image-784\" srcset=\"https:\/\/galensolutionsgroup.com\/wp-content\/uploads\/2022\/09\/dss_5_brain-1.jpg 241w, https:\/\/galensolutionsgroup.com\/wp-content\/uploads\/2022\/09\/dss_5_brain-1-18x12.jpg 18w\" sizes=\"auto, (max-width: 241px) 100vw, 241px\" \/><\/figure>\n<\/div>\n\n\n<p>El an\u00e1lisis de valor para la atenci\u00f3n de la salud es el resultado de la atenci\u00f3n de la salud por d\u00f3lar de costo gastado. Todo el mundo reconoce que el costo de la atenci\u00f3n se est\u00e1 saliendo de control. Las razones son numerosas. Pero la evidencia apunta al aumento del precio de los medicamentos y la intenci\u00f3n de aumentar el volumen de servicios para tratamientos no esenciales.<\/p>\n\n\n\n<p>El paquete de software Galen brinda varias oportunidades para reducir los costos de los medicamentos y generar ahorros para los pacientes de nefrolog\u00eda. De mayor inter\u00e9s es mejorar y agilizar los servicios de los profesionales de modo que una medida de excelencia se convierta en calidad en lugar de volumen.<\/p>\n\n\n\n<p>La medici\u00f3n y mejora de los servicios de calidad requiere la recopilaci\u00f3n de datos hist\u00f3ricos y aplicaciones de aprendizaje autom\u00e1tico para identificar cambios en las pr\u00e1cticas que aumentan el valor.<\/p>\n\n\n\n<p>Por ejemplo, los s\u00edntomas de un paciente se registran y se insertan en el software de IA. Los resultados indican el tipo de enfermedad que existe dentro del paciente. Se pueden aplicar muchos otros tipos de an\u00e1lisis para predecir o clasificar un resultado en particular.<\/p>\n<\/div><\/div>\n<\/div><\/div>\n\n\n\n<div class=\"wp-block-cover alignfull\"><span aria-hidden=\"true\" class=\"wp-block-cover__background has-white-background-color has-background-dim-0 has-background-dim\"><\/span><img loading=\"lazy\" decoding=\"async\" width=\"720\" height=\"416\" class=\"wp-block-cover__image-background wp-image-514\" alt=\"\" src=\"https:\/\/galensolutionsgroup.com\/wp-content\/uploads\/2022\/09\/gsg_Slide_Background_cropped.jpg\" data-object-fit=\"cover\" srcset=\"https:\/\/galensolutionsgroup.com\/wp-content\/uploads\/2022\/09\/gsg_Slide_Background_cropped.jpg 720w, https:\/\/galensolutionsgroup.com\/wp-content\/uploads\/2022\/09\/gsg_Slide_Background_cropped-300x173.jpg 300w, https:\/\/galensolutionsgroup.com\/wp-content\/uploads\/2022\/09\/gsg_Slide_Background_cropped-18x10.jpg 18w\" sizes=\"auto, (max-width: 720px) 100vw, 720px\" \/><div class=\"wp-block-cover__inner-container is-layout-flow wp-block-cover-is-layout-flow\">\n<div class=\"wp-block-group alignwide groupwide has-background\" style=\"background-color:#00000000\"><div class=\"wp-block-group__inner-container is-layout-flow wp-block-group-is-layout-flow\">\n<h2 class=\"has-text-align-center wp-block-heading\">comorbilidad<\/h2>\n\n\n<div class=\"wp-block-image\">\n<figure class=\"aligncenter size-full is-resized\"><img loading=\"lazy\" decoding=\"async\" src=\"https:\/\/galensolutionsgroup.com\/wp-content\/uploads\/2022\/09\/comorbidity.webp\" alt=\"\" class=\"wp-image-779\" width=\"281\" height=\"187\" srcset=\"https:\/\/galensolutionsgroup.com\/wp-content\/uploads\/2022\/09\/comorbidity.webp 263w, https:\/\/galensolutionsgroup.com\/wp-content\/uploads\/2022\/09\/comorbidity-18x12.webp 18w\" sizes=\"auto, (max-width: 281px) 100vw, 281px\" \/><\/figure>\n<\/div>\n\n\n<p>La comorbilidad, que enfatiza la naturaleza de los tratamientos, denota la existencia de dos o m\u00e1s enfermedades dentro de un paciente simult\u00e1neamente. La hipertensi\u00f3n arterial y las enfermedades cardiovasculares son responsables como los principales factores de riesgo para desarrollar enfermedad renal. Otras caracter\u00edsticas como la enfermedad vascular perif\u00e9rica<strong> <\/strong>tambi\u00e9n se sabe que existen con trastornos renales.<\/p>\n\n\n\n<p>La experiencia del m\u00e9dico es fundamental para medir y tratar la comorbilidad, pero las t\u00e9cnicas de inteligencia artificial se pueden utilizar para complementar los diagn\u00f3sticos.<\/p>\n\n\n\n<p>Grandes bases de datos se estructuran como entrada para el entrenamiento de una red neuronal. Los tipos de datos se obtienen de estudios previos de comorbilidad y de los registros existentes en diversas consultas de nefrolog\u00eda. Una red neuronal predice los resultados de varias combinaciones de enfermedades existentes. Los resultados inspiran los planes de tratamiento que mejor producir\u00e1n mejoras en el paciente.<\/p>\n\n\n\n<p>Se pueden abordar situaciones para diversas condiciones:<\/p>\n\n\n\n<ul class=\"wp-block-list\">\n<li>Una condici\u00f3n m\u00e9dica que existe simult\u00e1neamente pero independientemente con otra condici\u00f3n en un paciente.<\/li>\n\n\n\n<li>Una condici\u00f3n m\u00e9dica en un paciente que causa, es causada o est\u00e1 relacionada de otra manera con otra condici\u00f3n en el mismo paciente.<\/li>\n\n\n\n<li>Dos o m\u00e1s condiciones m\u00e9dicas existen simult\u00e1neamente independientemente de su relaci\u00f3n causal.<\/li>\n<\/ul>\n\n\n\n<p>Una red neuronal contin\u00faa aprendiendo y prediciendo informaci\u00f3n m\u00e1s precisa a medida que se introducen nuevos datos de comorbilidad.<\/p>\n<\/div><\/div>\n<\/div><\/div>","protected":false},"excerpt":{"rendered":"","protected":false},"author":1,"featured_media":0,"parent":94,"menu_order":0,"comment_status":"closed","ping_status":"closed","template":"","meta":{"footnotes":""},"class_list":["post-295","page","type-page","status-publish","hentry"],"aioseo_notices":[],"_links":{"self":[{"href":"https:\/\/galensolutionsgroup.com\/es\/wp-json\/wp\/v2\/pages\/295","targetHints":{"allow":["GET"]}}],"collection":[{"href":"https:\/\/galensolutionsgroup.com\/es\/wp-json\/wp\/v2\/pages"}],"about":[{"href":"https:\/\/galensolutionsgroup.com\/es\/wp-json\/wp\/v2\/types\/page"}],"author":[{"embeddable":true,"href":"https:\/\/galensolutionsgroup.com\/es\/wp-json\/wp\/v2\/users\/1"}],"replies":[{"embeddable":true,"href":"https:\/\/galensolutionsgroup.com\/es\/wp-json\/wp\/v2\/comments?post=295"}],"version-history":[{"count":9,"href":"https:\/\/galensolutionsgroup.com\/es\/wp-json\/wp\/v2\/pages\/295\/revisions"}],"predecessor-version":[{"id":900,"href":"https:\/\/galensolutionsgroup.com\/es\/wp-json\/wp\/v2\/pages\/295\/revisions\/900"}],"up":[{"embeddable":true,"href":"https:\/\/galensolutionsgroup.com\/es\/wp-json\/wp\/v2\/pages\/94"}],"wp:attachment":[{"href":"https:\/\/galensolutionsgroup.com\/es\/wp-json\/wp\/v2\/media?parent=295"}],"curies":[{"name":"wp","href":"https:\/\/api.w.org\/{rel}","templated":true}]}}