{"id":79,"date":"2022-07-16T18:25:15","date_gmt":"2022-07-16T22:25:15","guid":{"rendered":"https:\/\/galensolutionsgroup.com\/?page_id=79"},"modified":"2022-09-18T23:26:26","modified_gmt":"2022-09-19T03:26:26","slug":"galen-dss","status":"publish","type":"page","link":"https:\/\/galensolutionsgroup.com\/es\/decision-support\/galen-dss\/","title":{"rendered":"Galen DSS"},"content":{"rendered":"<div class=\"wp-block-cover alignfull\"><span aria-hidden=\"true\" class=\"wp-block-cover__background has-background-dim-0 has-background-dim\" style=\"background-color:#0c1d46\"><\/span><img loading=\"lazy\" decoding=\"async\" width=\"720\" height=\"416\" class=\"wp-block-cover__image-background wp-image-514\" alt=\"\" src=\"https:\/\/galensolutionsgroup.com\/wp-content\/uploads\/2022\/09\/gsg_Slide_Background_cropped.jpg\" data-object-fit=\"cover\" srcset=\"https:\/\/galensolutionsgroup.com\/wp-content\/uploads\/2022\/09\/gsg_Slide_Background_cropped.jpg 720w, https:\/\/galensolutionsgroup.com\/wp-content\/uploads\/2022\/09\/gsg_Slide_Background_cropped-300x173.jpg 300w, https:\/\/galensolutionsgroup.com\/wp-content\/uploads\/2022\/09\/gsg_Slide_Background_cropped-18x10.jpg 18w\" sizes=\"auto, (max-width: 720px) 100vw, 720px\" \/><div class=\"wp-block-cover__inner-container is-layout-flow wp-block-cover-is-layout-flow\">\n<div class=\"wp-block-group alignwide groupwide has-white-color has-text-color has-background\" style=\"background-color:#0c000000\"><div class=\"wp-block-group__inner-container is-layout-flow wp-block-group-is-layout-flow\">\n<div class=\"wp-block-media-text alignwide is-stacked-on-mobile\"><figure class=\"wp-block-media-text__media\"><img loading=\"lazy\" decoding=\"async\" width=\"600\" height=\"352\" src=\"https:\/\/galensolutionsgroup.com\/wp-content\/uploads\/2022\/07\/DSSPieChart.webp\" alt=\"\" class=\"wp-image-159 size-full\" srcset=\"https:\/\/galensolutionsgroup.com\/wp-content\/uploads\/2022\/07\/DSSPieChart.webp 600w, https:\/\/galensolutionsgroup.com\/wp-content\/uploads\/2022\/07\/DSSPieChart-300x176.webp 300w, https:\/\/galensolutionsgroup.com\/wp-content\/uploads\/2022\/07\/DSSPieChart-18x12.webp 18w\" sizes=\"auto, (max-width: 600px) 100vw, 600px\" \/><\/figure><div class=\"wp-block-media-text__content\">\n<h2 class=\"has-white-color has-text-color wp-block-heading\">Apoyo a las decisiones<\/h2>\n\n\n\n<p class=\"has-text-align-left has-medium-font-size\"><strong>Galen&nbsp;<\/strong>es un conjunto de herramientas de apoyo a la toma de decisiones que utiliza inteligencia artificial y aprendizaje autom\u00e1tico de pedidos hist\u00f3ricos y datos de proveedores para identificar oportunidades continuas de ahorro de costos, mejorar la gesti\u00f3n de inventario y reducir significativamente la carga administrativa general en la gesti\u00f3n de la cadena de suministro.<\/p>\n<\/div><\/div>\n\n\n\n<div class=\"wp-block-media-text alignwide has-media-on-the-right is-stacked-on-mobile\"><div class=\"wp-block-media-text__content\">\n<h2 class=\"has-white-color has-text-color wp-block-heading\">Capacidades de Galen<\/h2>\n\n\n\n<ul class=\"has-medium-font-size wp-block-list\">\n<li>Gesti\u00f3n de todos los suministros en todas las ubicaciones<\/li>\n\n\n\n<li>An\u00e1lisis de demanda y tasa de uso<\/li>\n\n\n\n<li>An\u00e1lisis predictivo de pedidos<\/li>\n\n\n\n<li>An\u00e1lisis de distribuidores\/proveedores para encontrar el mejor valor<\/li>\n\n\n\n<li>Identificar medidas para minimizar el tiempo de entrega y maximizar la calidad<\/li>\n\n\n\n<li>Distribuci\u00f3n de veh\u00edculos, optimizar rutas, coordinar cargas y asignaciones de rutas, an\u00e1lisis de reenrutamiento para acomodar aver\u00edas<\/li>\n\n\n\n<li>Asignaci\u00f3n de recursos: asignaciones \u00f3ptimas de trabajadores a puestos de trabajo en funci\u00f3n de las habilidades, la prioridad, el cronograma, el costo y el riesgo<\/li>\n\n\n\n<li>Tecnolog\u00eda de la informaci\u00f3n: optimizaci\u00f3n de la infraestructura y los recursos de las aplicaciones para maximizar la eficiencia del tr\u00e1fico de red<\/li>\n\n\n\n<li>Productos farmac\u00e9uticos: Ahorro de costes y control de inventario<\/li>\n\n\n\n<li>Galen se personaliza para integrarse con aplicaciones existentes y se puede instalar en infraestructuras de red existentes<\/li>\n<\/ul>\n<\/div><figure class=\"wp-block-media-text__media\"><img loading=\"lazy\" decoding=\"async\" width=\"600\" height=\"370\" src=\"https:\/\/galensolutionsgroup.com\/wp-content\/uploads\/2022\/07\/DSSHoneycomb.webp\" alt=\"\" class=\"wp-image-158 size-full\" srcset=\"https:\/\/galensolutionsgroup.com\/wp-content\/uploads\/2022\/07\/DSSHoneycomb.webp 600w, https:\/\/galensolutionsgroup.com\/wp-content\/uploads\/2022\/07\/DSSHoneycomb-300x185.webp 300w, https:\/\/galensolutionsgroup.com\/wp-content\/uploads\/2022\/07\/DSSHoneycomb-18x12.webp 18w\" sizes=\"auto, (max-width: 600px) 100vw, 600px\" \/><\/figure><\/div>\n\n\n\n<h2 class=\"has-text-align-center has-white-color has-text-color wp-block-heading\">Aplicaciones personalizadas para usted<\/h2>\n\n\n<div class=\"wp-block-image\">\n<figure class=\"aligncenter size-full is-resized\"><img loading=\"lazy\" decoding=\"async\" src=\"https:\/\/galensolutionsgroup.com\/wp-content\/uploads\/2022\/09\/dss_4_tryFirst.jpg\" alt=\"\" class=\"wp-image-726\" width=\"616\" height=\"341\" srcset=\"https:\/\/galensolutionsgroup.com\/wp-content\/uploads\/2022\/09\/dss_4_tryFirst.jpg 316w, https:\/\/galensolutionsgroup.com\/wp-content\/uploads\/2022\/09\/dss_4_tryFirst-300x166.jpg 300w, https:\/\/galensolutionsgroup.com\/wp-content\/uploads\/2022\/09\/dss_4_tryFirst-18x10.jpg 18w\" sizes=\"auto, (max-width: 616px) 100vw, 616px\" \/><\/figure>\n<\/div>\n\n\n<div style=\"height:25px\" aria-hidden=\"true\" class=\"wp-block-spacer\"><\/div>\n\n\n\n<div class=\"wp-block-buttons is-layout-flex wp-block-buttons-is-layout-flex\">\n<div class=\"wp-block-button aligncenter has-custom-font-size is-style-outline has-medium-font-size is-style-outline--1\"><a class=\"wp-block-button__link has-white-color has-text-color has-background wp-element-button\" href=\"https:\/\/galensolutionsgroup.com\/es\/galen-services\/\" style=\"border-radius:5px;background-color:#0c1d46\">SABER M\u00c1S<\/a><\/div>\n<\/div>\n<\/div><\/div>\n<\/div><\/div>","protected":false},"excerpt":{"rendered":"","protected":false},"author":1,"featured_media":0,"parent":74,"menu_order":0,"comment_status":"closed","ping_status":"closed","template":"","meta":{"footnotes":""},"class_list":["post-79","page","type-page","status-publish","hentry"],"aioseo_notices":[],"_links":{"self":[{"href":"https:\/\/galensolutionsgroup.com\/es\/wp-json\/wp\/v2\/pages\/79","targetHints":{"allow":["GET"]}}],"collection":[{"href":"https:\/\/galensolutionsgroup.com\/es\/wp-json\/wp\/v2\/pages"}],"about":[{"href":"https:\/\/galensolutionsgroup.com\/es\/wp-json\/wp\/v2\/types\/page"}],"author":[{"embeddable":true,"href":"https:\/\/galensolutionsgroup.com\/es\/wp-json\/wp\/v2\/users\/1"}],"replies":[{"embeddable":true,"href":"https:\/\/galensolutionsgroup.com\/es\/wp-json\/wp\/v2\/comments?post=79"}],"version-history":[{"count":10,"href":"https:\/\/galensolutionsgroup.com\/es\/wp-json\/wp\/v2\/pages\/79\/revisions"}],"predecessor-version":[{"id":790,"href":"https:\/\/galensolutionsgroup.com\/es\/wp-json\/wp\/v2\/pages\/79\/revisions\/790"}],"up":[{"embeddable":true,"href":"https:\/\/galensolutionsgroup.com\/es\/wp-json\/wp\/v2\/pages\/74"}],"wp:attachment":[{"href":"https:\/\/galensolutionsgroup.com\/es\/wp-json\/wp\/v2\/media?parent=79"}],"curies":[{"name":"wp","href":"https:\/\/api.w.org\/{rel}","templated":true}]}}