{"id":85,"date":"2022-07-16T18:28:13","date_gmt":"2022-07-16T22:28:13","guid":{"rendered":"https:\/\/galensolutionsgroup.com\/?page_id=85"},"modified":"2022-09-26T23:41:47","modified_gmt":"2022-09-27T03:41:47","slug":"dss-freight-and-fleet","status":"publish","type":"page","link":"https:\/\/galensolutionsgroup.com\/es\/freight-and-fleet\/dss-freight-and-fleet\/","title":{"rendered":"DSS Carga y Flota"},"content":{"rendered":"<div class=\"wp-block-cover alignfull\"><span aria-hidden=\"true\" class=\"wp-block-cover__background has-background-dim\" style=\"background-color:#0c1d46\"><\/span><img loading=\"lazy\" decoding=\"async\" width=\"720\" height=\"416\" class=\"wp-block-cover__image-background wp-image-514\" alt=\"\" src=\"https:\/\/galensolutionsgroup.com\/wp-content\/uploads\/2022\/09\/gsg_Slide_Background_cropped.jpg\" data-object-fit=\"cover\" srcset=\"https:\/\/galensolutionsgroup.com\/wp-content\/uploads\/2022\/09\/gsg_Slide_Background_cropped.jpg 720w, https:\/\/galensolutionsgroup.com\/wp-content\/uploads\/2022\/09\/gsg_Slide_Background_cropped-300x173.jpg 300w, https:\/\/galensolutionsgroup.com\/wp-content\/uploads\/2022\/09\/gsg_Slide_Background_cropped-18x10.jpg 18w\" sizes=\"auto, (max-width: 720px) 100vw, 720px\" \/><div class=\"wp-block-cover__inner-container is-layout-flow wp-block-cover-is-layout-flow\">\n<div class=\"wp-block-group alignwide groupwide has-text-color has-background\" style=\"color:#aaafc6;background-color:#00000000\"><div class=\"wp-block-group__inner-container is-layout-flow wp-block-group-is-layout-flow\">\n<h2 class=\"has-text-align-center has-white-color has-text-color wp-block-heading\">Galen DSS para la gesti\u00f3n de mercanc\u00edas y flotas<\/h2>\n\n\n\n<hr class=\"wp-block-separator has-text-color has-alpha-channel-opacity has-background\" style=\"background-color:#aaafc6;color:#aaafc6\"\/>\n\n\n\n<div class=\"wp-block-media-text alignwide has-media-on-the-right is-stacked-on-mobile is-vertically-aligned-top\" style=\"grid-template-columns:auto 32%\"><div class=\"wp-block-media-text__content\">\n<p class=\"has-white-color has-text-color has-medium-font-size\"><strong>Galen Log\u00edstica<\/strong><\/p>\n\n\n\n<p class=\"has-white-color has-text-color\">Las empresas que gestionan la distribuci\u00f3n de carga a varios lugares, para reducir costos, deben optimizar la carga y distribuci\u00f3n de carga a los sitios de los clientes. A medida que se expande una flota, los c\u00e1lculos de optimizaci\u00f3n se vuelven cada vez m\u00e1s complejos. El procesamiento manual requiere horas de esfuerzo del personal. Para reducir la carga del an\u00e1lisis de optimizaci\u00f3n, las hojas de c\u00e1lculo se reemplazan con un soporte de decisiones sofisticado. Galen tiene varias aplicaciones de gesti\u00f3n de activos. Con respecto a la gesti\u00f3n de flotas y fletes, existen procedimientos para cargar y distribuir fletes de manera \u00f3ptima, adquirir suministros y veh\u00edculos a un costo m\u00ednimo y programar el mantenimiento de los veh\u00edculos de la flota. El proceso de cargar la carga solicitada por el cliente en los veh\u00edculos de la flota se convierte de una hoja de c\u00e1lculo manual a un medio de optimizaci\u00f3n totalmente automatizado.<\/p>\n\n\n\n<p class=\"has-white-color has-text-color has-medium-font-size\"><strong>Proceso de gesti\u00f3n<\/strong><\/p>\n\n\n\n<p class=\"has-white-color has-text-color\">La gesti\u00f3n de flotas y fletes encapsula un conjunto de aplicaciones. Todos son propicios para la optimizaci\u00f3n.<\/p>\n\n\n\n<ul class=\"has-white-color has-text-color wp-block-list\">\n<li>Estructuraci\u00f3n de solicitudes de clientes.<\/li>\n\n\n\n<li>Control de inventario: an\u00e1lisis de suministros y veh\u00edculos que se encuentran en un inventario y lo que hay que pedir. Tipo y cantidad de veh\u00edculos requeridos<\/li>\n\n\n\n<li>Supply Chain Management: Identificaci\u00f3n de distribuidores que han requerido veh\u00edculos o carga\u00a0<\/li>\n\n\n\n<li>Optimizaci\u00f3n y An\u00e1lisis de Costes: mejores precios y m\u00ednimos tiempos de entrega<\/li>\n\n\n\n<li>Despu\u00e9s de la s\u00edntesis de los activos existentes y pedidos, optimice la carga de veh\u00edculos reduciendo la cantidad de tipos de veh\u00edculos<\/li>\n\n\n\n<li>Aseg\u00farese de que el combustible y todo el personal est\u00e9n disponibles.\u00a0<\/li>\n\n\n\n<li>Optimizaci\u00f3n de rutas para minimizar las distancias de viaje de todos los veh\u00edculos de la flota y el consumo de combustible<\/li>\n\n\n\n<li>Respuesta a aver\u00edas de veh\u00edculos durante las entregas<\/li>\n\n\n\n<li>Si existe retr\u00f3grado, incluir en el proceso de optimizaci\u00f3n de entrega<\/li>\n\n\n\n<li>Capacidad de mantenimiento programado y no programado para la flota<strong>\u00a0<\/strong><\/li>\n\n\n\n<li>Pron\u00f3stico: solicitudes de clientes, requisitos de flota y carga, combustible, personal y mantenimiento<\/li>\n<\/ul>\n\n\n\n<p class=\"has-white-color has-text-color has-medium-font-size\"><strong>Beneficios de Galen<\/strong><\/p>\n\n\n\n<p class=\"has-white-color has-text-color\">Galen ofrece un exclusivo sistema interactivo de apoyo a la toma de decisiones que contribuye a la gesti\u00f3n de flotas y mercanc\u00edas. Galen Suite realiza una variedad de tareas de optimizaci\u00f3n que mejoran el rendimiento y aumentan las ganancias y la satisfacci\u00f3n del cliente. &nbsp;<\/p>\n<\/div><figure class=\"wp-block-media-text__media\"><img loading=\"lazy\" decoding=\"async\" width=\"400\" height=\"267\" src=\"https:\/\/galensolutionsgroup.com\/wp-content\/uploads\/2022\/07\/FFM_Connections.webp\" alt=\"\" class=\"wp-image-179 size-full\" srcset=\"https:\/\/galensolutionsgroup.com\/wp-content\/uploads\/2022\/07\/FFM_Connections.webp 400w, https:\/\/galensolutionsgroup.com\/wp-content\/uploads\/2022\/07\/FFM_Connections-300x200.webp 300w, https:\/\/galensolutionsgroup.com\/wp-content\/uploads\/2022\/07\/FFM_Connections-18x12.webp 18w\" sizes=\"auto, (max-width: 400px) 100vw, 400px\" \/><\/figure><\/div>\n<\/div><\/div>\n<\/div><\/div>\n\n\n\n<div class=\"wp-block-cover alignfull is-light is-repeated\"><span aria-hidden=\"true\" class=\"wp-block-cover__background has-white-background-color has-background-dim-10 has-background-dim\"><\/span><div role=\"img\" class=\"wp-block-cover__image-background wp-image-454 is-repeated\" style=\"background-position:50% 0%;background-image:url(https:\/\/galensolutionsgroup.com\/wp-content\/uploads\/2022\/09\/logistics-supply-chain-screen-industrial-container-cargo-freight-ship-shipyard-logistic-import-export-background-85760547.jpg)\"><\/div><div class=\"wp-block-cover__inner-container is-layout-flow wp-block-cover-is-layout-flow\">\n<div class=\"wp-block-group alignwide groupwide\"><div class=\"wp-block-group__inner-container is-layout-flow wp-block-group-is-layout-flow\">\n<h2 class=\"has-text-align-center wp-block-heading\">Gesti\u00f3n de activos<\/h2>\n\n\n\n<p class=\"has-text-align-center has-black-color has-text-color has-medium-font-size\"><strong>Galen pasa del procesamiento manual a la automatizaci\u00f3n din\u00e1mica<\/strong><\/p>\n\n\n\n<div class=\"wp-block-buttons is-layout-flex wp-block-buttons-is-layout-flex\">\n<div class=\"wp-block-button aligncenter has-custom-font-size is-style-outline has-small-font-size is-style-outline--1\"><a class=\"wp-block-button__link has-white-color has-text-color has-background wp-element-button\" href=\"https:\/\/galensolutionsgroup.com\/es\/freight-and-fleet\/asset-management\/\" style=\"border-radius:5px;background-color:#0c1d46\">SABER M\u00c1S<\/a><\/div>\n<\/div>\n<\/div><\/div>\n<\/div><\/div>","protected":false},"excerpt":{"rendered":"","protected":false},"author":1,"featured_media":0,"parent":83,"menu_order":0,"comment_status":"closed","ping_status":"closed","template":"","meta":{"footnotes":""},"class_list":["post-85","page","type-page","status-publish","hentry"],"aioseo_notices":[],"_links":{"self":[{"href":"https:\/\/galensolutionsgroup.com\/es\/wp-json\/wp\/v2\/pages\/85","targetHints":{"allow":["GET"]}}],"collection":[{"href":"https:\/\/galensolutionsgroup.com\/es\/wp-json\/wp\/v2\/pages"}],"about":[{"href":"https:\/\/galensolutionsgroup.com\/es\/wp-json\/wp\/v2\/types\/page"}],"author":[{"embeddable":true,"href":"https:\/\/galensolutionsgroup.com\/es\/wp-json\/wp\/v2\/users\/1"}],"replies":[{"embeddable":true,"href":"https:\/\/galensolutionsgroup.com\/es\/wp-json\/wp\/v2\/comments?post=85"}],"version-history":[{"count":9,"href":"https:\/\/galensolutionsgroup.com\/es\/wp-json\/wp\/v2\/pages\/85\/revisions"}],"predecessor-version":[{"id":929,"href":"https:\/\/galensolutionsgroup.com\/es\/wp-json\/wp\/v2\/pages\/85\/revisions\/929"}],"up":[{"embeddable":true,"href":"https:\/\/galensolutionsgroup.com\/es\/wp-json\/wp\/v2\/pages\/83"}],"wp:attachment":[{"href":"https:\/\/galensolutionsgroup.com\/es\/wp-json\/wp\/v2\/media?parent=85"}],"curies":[{"name":"wp","href":"https:\/\/api.w.org\/{rel}","templated":true}]}}