{"id":87,"date":"2022-07-16T18:27:44","date_gmt":"2022-07-16T22:27:44","guid":{"rendered":"https:\/\/galensolutionsgroup.com\/?page_id=87"},"modified":"2022-09-18T23:47:24","modified_gmt":"2022-09-19T03:47:24","slug":"asset-management","status":"publish","type":"page","link":"https:\/\/galensolutionsgroup.com\/es\/freight-and-fleet\/asset-management\/","title":{"rendered":"Gesti\u00f3n de activos"},"content":{"rendered":"<div class=\"wp-block-cover alignfull\"><span aria-hidden=\"true\" class=\"wp-block-cover__background has-background-dim-0 has-background-dim\" style=\"background-color:#0c1d46\"><\/span><img loading=\"lazy\" decoding=\"async\" width=\"720\" height=\"416\" class=\"wp-block-cover__image-background wp-image-514\" alt=\"\" src=\"https:\/\/galensolutionsgroup.com\/wp-content\/uploads\/2022\/09\/gsg_Slide_Background_cropped.jpg\" data-object-fit=\"cover\" srcset=\"https:\/\/galensolutionsgroup.com\/wp-content\/uploads\/2022\/09\/gsg_Slide_Background_cropped.jpg 720w, https:\/\/galensolutionsgroup.com\/wp-content\/uploads\/2022\/09\/gsg_Slide_Background_cropped-300x173.jpg 300w, https:\/\/galensolutionsgroup.com\/wp-content\/uploads\/2022\/09\/gsg_Slide_Background_cropped-18x10.jpg 18w\" sizes=\"auto, (max-width: 720px) 100vw, 720px\" \/><div class=\"wp-block-cover__inner-container is-layout-flow wp-block-cover-is-layout-flow\">\n<div class=\"wp-block-group alignwide groupwide has-white-color has-text-color has-background\" style=\"background-color:#00000000\"><div class=\"wp-block-group__inner-container is-layout-flow wp-block-group-is-layout-flow\">\n<h2 class=\"has-text-align-center has-white-color has-text-color wp-block-heading\">Gesti\u00f3n de activos<\/h2>\n\n\n\n<hr class=\"wp-block-separator has-text-color has-cyan-bluish-gray-color has-alpha-channel-opacity has-cyan-bluish-gray-background-color has-background\"\/>\n\n\n\n<div class=\"wp-block-columns alignfull is-layout-flex wp-container-core-columns-is-layout-9d6595d7 wp-block-columns-is-layout-flex\">\n<div class=\"wp-block-column is-layout-flow wp-block-column-is-layout-flow\" style=\"flex-basis:25%\"><div class=\"wp-block-image is-style-rounded\">\n<figure class=\"aligncenter size-full\"><img loading=\"lazy\" decoding=\"async\" width=\"365\" height=\"365\" src=\"https:\/\/galensolutionsgroup.com\/wp-content\/uploads\/2022\/07\/AM_Maitnenance.webp\" alt=\"\" class=\"wp-image-175\" srcset=\"https:\/\/galensolutionsgroup.com\/wp-content\/uploads\/2022\/07\/AM_Maitnenance.webp 365w, https:\/\/galensolutionsgroup.com\/wp-content\/uploads\/2022\/07\/AM_Maitnenance-300x300.webp 300w, https:\/\/galensolutionsgroup.com\/wp-content\/uploads\/2022\/07\/AM_Maitnenance-150x150.webp 150w, https:\/\/galensolutionsgroup.com\/wp-content\/uploads\/2022\/07\/AM_Maitnenance-12x12.webp 12w\" sizes=\"auto, (max-width: 365px) 100vw, 365px\" \/><\/figure>\n<\/div>\n\n\n<h4 class=\"has-text-align-center has-white-color has-text-color wp-block-heading\">Mantenimiento de Flotas<\/h4>\n\n\n\n<ul class=\"wp-block-list\">\n<li>El mantenimiento de flotas y fletes a gran escala se ve obstaculizado por la disponibilidad requerida de piezas, mano de obra y lugares de trabajo disponibles. Galen ampl\u00eda la cantidad de flotas y cargas que se pueden llevar a una capacidad operativa al identificar a los mejores proveedores para la adquisici\u00f3n de suministros y ayudar a garantizar que todas las funciones necesarias se realicen seg\u00fan se requiera. &nbsp;<\/li>\n<\/ul>\n<\/div>\n\n\n\n<div class=\"wp-block-column is-layout-flow wp-block-column-is-layout-flow\" style=\"flex-basis:25%\"><div class=\"wp-block-image is-style-rounded\">\n<figure class=\"aligncenter size-full\"><img loading=\"lazy\" decoding=\"async\" width=\"365\" height=\"365\" src=\"https:\/\/galensolutionsgroup.com\/wp-content\/uploads\/2022\/07\/AM_Distribution.webp\" alt=\"\" class=\"wp-image-174\" srcset=\"https:\/\/galensolutionsgroup.com\/wp-content\/uploads\/2022\/07\/AM_Distribution.webp 365w, https:\/\/galensolutionsgroup.com\/wp-content\/uploads\/2022\/07\/AM_Distribution-300x300.webp 300w, https:\/\/galensolutionsgroup.com\/wp-content\/uploads\/2022\/07\/AM_Distribution-150x150.webp 150w, https:\/\/galensolutionsgroup.com\/wp-content\/uploads\/2022\/07\/AM_Distribution-12x12.webp 12w\" sizes=\"auto, (max-width: 365px) 100vw, 365px\" \/><\/figure>\n<\/div>\n\n\n<h4 class=\"has-text-align-center has-white-color has-text-color wp-block-heading\">Distribuci\u00f3n de Carga<\/h4>\n\n\n\n<ul class=\"wp-block-list\">\n<li>Para los casos de muchos sitios de entrega de flotas y puestos de carga, la correcta carga de veh\u00edculos y la determinaci\u00f3n de rutas se convierte en un procedimiento dif\u00edcil y complejo. Por ejemplo, 50 sitios deben ser visitados por solo 15 veh\u00edculos. Galen calcula las mejores rutas para todos los veh\u00edculos de modo que se minimice la distancia recorrida y el consumo de combustible. Se identifica la mejor manera de cargar la carga de manera que exista una correlaci\u00f3n con los sitios de entrega optimizados. Dado que se produce una aver\u00eda, se proporciona la mejor estrategia de cambio de ruta para todos los veh\u00edculos de modo que se alcancen todos los puntos de entrega. Los c\u00e1lculos de Galen se realizan casi en tiempo real. &nbsp;<\/li>\n<\/ul>\n<\/div>\n\n\n\n<div class=\"wp-block-column is-layout-flow wp-block-column-is-layout-flow\" style=\"flex-basis:25%\"><div class=\"wp-block-image is-style-rounded\">\n<figure class=\"aligncenter size-full\"><img loading=\"lazy\" decoding=\"async\" width=\"365\" height=\"365\" src=\"https:\/\/galensolutionsgroup.com\/wp-content\/uploads\/2022\/07\/AM_Allocation.webp\" alt=\"\" class=\"wp-image-173\" srcset=\"https:\/\/galensolutionsgroup.com\/wp-content\/uploads\/2022\/07\/AM_Allocation.webp 365w, https:\/\/galensolutionsgroup.com\/wp-content\/uploads\/2022\/07\/AM_Allocation-300x300.webp 300w, https:\/\/galensolutionsgroup.com\/wp-content\/uploads\/2022\/07\/AM_Allocation-150x150.webp 150w, https:\/\/galensolutionsgroup.com\/wp-content\/uploads\/2022\/07\/AM_Allocation-12x12.webp 12w\" sizes=\"auto, (max-width: 365px) 100vw, 365px\" \/><\/figure>\n<\/div>\n\n\n<h4 class=\"has-text-align-center has-white-color has-text-color wp-block-heading\">Asignaci\u00f3n de recursos<\/h4>\n\n\n\n<ul class=\"wp-block-list\">\n<li>El personal se asigna a los trabajos de manera \u00f3ptima. Cada proyecto est\u00e1 priorizado. A menudo hay menos personal disponible que el requerido. Se identifican m\u00faltiples niveles de habilidad. El personal en todos los niveles de habilidad se asigna a los trabajos de mayor prioridad. Se pueden imponer otras restricciones de dominio al proceso de asignaci\u00f3n.<\/li>\n<\/ul>\n<\/div>\n\n\n\n<div class=\"wp-block-column is-layout-flow wp-block-column-is-layout-flow\" style=\"flex-basis:25%\"><div class=\"wp-block-image is-style-rounded\">\n<figure class=\"aligncenter size-full\"><img loading=\"lazy\" decoding=\"async\" width=\"365\" height=\"365\" src=\"https:\/\/galensolutionsgroup.com\/wp-content\/uploads\/2022\/07\/AM_Manufacturing.webp\" alt=\"\" class=\"wp-image-176\" srcset=\"https:\/\/galensolutionsgroup.com\/wp-content\/uploads\/2022\/07\/AM_Manufacturing.webp 365w, https:\/\/galensolutionsgroup.com\/wp-content\/uploads\/2022\/07\/AM_Manufacturing-300x300.webp 300w, https:\/\/galensolutionsgroup.com\/wp-content\/uploads\/2022\/07\/AM_Manufacturing-150x150.webp 150w, https:\/\/galensolutionsgroup.com\/wp-content\/uploads\/2022\/07\/AM_Manufacturing-12x12.webp 12w\" sizes=\"auto, (max-width: 365px) 100vw, 365px\" \/><\/figure>\n<\/div>\n\n\n<h4 class=\"has-text-align-center has-white-color has-text-color wp-block-heading\">Fabricaci\u00f3n<\/h4>\n\n\n\n<ul class=\"wp-block-list\">\n<li>Se abordan l\u00edneas de montaje con m\u00faltiples tareas y estaciones de trabajo. Varios trabajos llegan diariamente que requieren procesamiento. Los trabajos tienen diferentes tareas que se asignan a las estaciones de trabajo. Las asignaciones de tareas a las estaciones de trabajo se optimizan para maximizar el flujo de salida diario de los trabajos.<\/li>\n<\/ul>\n<\/div>\n<\/div>\n\n\n\n<h2 class=\"has-text-align-center has-white-color has-text-color wp-block-heading\">Caracteristicas y funciones<\/h2>\n\n\n<div class=\"wp-block-image\">\n<figure class=\"aligncenter size-full is-resized\"><img loading=\"lazy\" decoding=\"async\" src=\"https:\/\/galensolutionsgroup.com\/wp-content\/uploads\/2022\/09\/hand_icons.webp\" alt=\"\" class=\"wp-image-461\" width=\"575\" height=\"338\" srcset=\"https:\/\/galensolutionsgroup.com\/wp-content\/uploads\/2022\/09\/hand_icons.webp 298w, https:\/\/galensolutionsgroup.com\/wp-content\/uploads\/2022\/09\/hand_icons-18x12.webp 18w\" sizes=\"auto, (max-width: 575px) 100vw, 575px\" \/><\/figure>\n<\/div>\n\n\n<div style=\"height:25px\" aria-hidden=\"true\" class=\"wp-block-spacer\"><\/div>\n\n\n\n<div class=\"wp-block-buttons is-layout-flex wp-block-buttons-is-layout-flex\">\n<div class=\"wp-block-button aligncenter is-style-outline is-style-outline--1\"><a class=\"wp-block-button__link has-white-color has-text-color has-background wp-element-button\" href=\"https:\/\/galensolutionsgroup.com\/es\/freight-and-fleet\/asset-functions\/\" style=\"border-radius:5px;background-color:#0c1d46\">APRENDE M\u00c1S<\/a><\/div>\n<\/div>\n<\/div><\/div>\n<\/div><\/div>","protected":false},"excerpt":{"rendered":"","protected":false},"author":1,"featured_media":0,"parent":83,"menu_order":0,"comment_status":"closed","ping_status":"closed","template":"","meta":{"footnotes":""},"class_list":["post-87","page","type-page","status-publish","hentry"],"aioseo_notices":[],"_links":{"self":[{"href":"https:\/\/galensolutionsgroup.com\/es\/wp-json\/wp\/v2\/pages\/87","targetHints":{"allow":["GET"]}}],"collection":[{"href":"https:\/\/galensolutionsgroup.com\/es\/wp-json\/wp\/v2\/pages"}],"about":[{"href":"https:\/\/galensolutionsgroup.com\/es\/wp-json\/wp\/v2\/types\/page"}],"author":[{"embeddable":true,"href":"https:\/\/galensolutionsgroup.com\/es\/wp-json\/wp\/v2\/users\/1"}],"replies":[{"embeddable":true,"href":"https:\/\/galensolutionsgroup.com\/es\/wp-json\/wp\/v2\/comments?post=87"}],"version-history":[{"count":9,"href":"https:\/\/galensolutionsgroup.com\/es\/wp-json\/wp\/v2\/pages\/87\/revisions"}],"predecessor-version":[{"id":807,"href":"https:\/\/galensolutionsgroup.com\/es\/wp-json\/wp\/v2\/pages\/87\/revisions\/807"}],"up":[{"embeddable":true,"href":"https:\/\/galensolutionsgroup.com\/es\/wp-json\/wp\/v2\/pages\/83"}],"wp:attachment":[{"href":"https:\/\/galensolutionsgroup.com\/es\/wp-json\/wp\/v2\/media?parent=87"}],"curies":[{"name":"wp","href":"https:\/\/api.w.org\/{rel}","templated":true}]}}