{"id":90,"date":"2022-07-16T18:26:19","date_gmt":"2022-07-16T22:26:19","guid":{"rendered":"https:\/\/galensolutionsgroup.com\/?page_id=90"},"modified":"2022-09-24T20:38:27","modified_gmt":"2022-09-25T00:38:27","slug":"asset-functions","status":"publish","type":"page","link":"https:\/\/galensolutionsgroup.com\/es\/freight-and-fleet\/asset-functions\/","title":{"rendered":"Funciones de activos"},"content":{"rendered":"<div class=\"wp-block-cover alignfull\"><span aria-hidden=\"true\" class=\"wp-block-cover__background has-white-background-color has-background-dim-0 has-background-dim\"><\/span><img loading=\"lazy\" decoding=\"async\" width=\"720\" height=\"416\" class=\"wp-block-cover__image-background wp-image-514\" alt=\"\" src=\"https:\/\/galensolutionsgroup.com\/wp-content\/uploads\/2022\/09\/gsg_Slide_Background_cropped.jpg\" data-object-fit=\"cover\" srcset=\"https:\/\/galensolutionsgroup.com\/wp-content\/uploads\/2022\/09\/gsg_Slide_Background_cropped.jpg 720w, https:\/\/galensolutionsgroup.com\/wp-content\/uploads\/2022\/09\/gsg_Slide_Background_cropped-300x173.jpg 300w, https:\/\/galensolutionsgroup.com\/wp-content\/uploads\/2022\/09\/gsg_Slide_Background_cropped-18x10.jpg 18w\" sizes=\"auto, (max-width: 720px) 100vw, 720px\" \/><div class=\"wp-block-cover__inner-container is-layout-flow wp-block-cover-is-layout-flow\">\n<div class=\"wp-block-group alignwide groupwide has-white-color has-text-color\"><div class=\"wp-block-group__inner-container is-layout-flow wp-block-group-is-layout-flow\">\n<h2 class=\"alignfull has-text-align-center wp-block-heading\">Caracter\u00edsticas y funciones clave de la gesti\u00f3n de activos<\/h2>\n\n\n\n<hr class=\"wp-block-separator has-text-color has-cyan-bluish-gray-color has-alpha-channel-opacity has-cyan-bluish-gray-background-color has-background\"\/>\n\n\n\n<figure class=\"wp-block-image size-large\"><img loading=\"lazy\" decoding=\"async\" width=\"1024\" height=\"524\" src=\"https:\/\/galensolutionsgroup.com\/wp-content\/uploads\/2022\/09\/chart.cropped-2-1024x524.png\" alt=\"\" class=\"wp-image-893\" srcset=\"https:\/\/galensolutionsgroup.com\/wp-content\/uploads\/2022\/09\/chart.cropped-2-1024x524.png 1024w, https:\/\/galensolutionsgroup.com\/wp-content\/uploads\/2022\/09\/chart.cropped-2-300x153.png 300w, https:\/\/galensolutionsgroup.com\/wp-content\/uploads\/2022\/09\/chart.cropped-2-768x393.png 768w, https:\/\/galensolutionsgroup.com\/wp-content\/uploads\/2022\/09\/chart.cropped-2-1536x786.png 1536w, https:\/\/galensolutionsgroup.com\/wp-content\/uploads\/2022\/09\/chart.cropped-2-2048x1048.png 2048w, https:\/\/galensolutionsgroup.com\/wp-content\/uploads\/2022\/09\/chart.cropped-2-18x9.png 18w\" sizes=\"auto, (max-width: 1024px) 100vw, 1024px\" \/><\/figure>\n\n\n\n<p class=\"has-text-align-center\"><strong><em>An\u00e1lisis Continuo y Optimizaci\u00f3n de Mantenimiento, Distribuci\u00f3n de Carga y Asignaciones Laborales.<\/em><\/strong><\/p>\n\n\n\n<p>El sistema de soporte de decisiones de Galen (DSS) presenta un men\u00fa a un usuario con opciones para seleccionar de una lista de informes de gesti\u00f3n de activos. Los informes abordan varias funciones que incluyen la programaci\u00f3n \u00f3ptima para el mantenimiento de los veh\u00edculos de la flota, la distribuci\u00f3n \u00f3ptima de la carga, la asignaci\u00f3n \u00f3ptima de trabajadores a varios trabajos y la optimizaci\u00f3n y el an\u00e1lisis de las piezas de mantenimiento requeridas. El an\u00e1lisis de series temporales y el an\u00e1lisis predictivo se utilizan para estimar varias caracter\u00edsticas desconocidas. Estos incluyen las piezas requeridas para el mantenimiento futuro, los posibles n\u00fameros y tipos de mantenimiento no programado y los trabajadores requeridos estimados de varios niveles de habilidad. Galen se puede modificar para abordar cualquier problema de optimizaci\u00f3n y programaci\u00f3n de gesti\u00f3n de activos.<\/p>\n<\/div><\/div>\n<\/div><\/div>\n\n\n\n<div class=\"wp-block-cover alignfull is-light is-repeated\"><span aria-hidden=\"true\" class=\"wp-block-cover__background has-background-dim-0 has-background-dim\" style=\"background-color:#0c1d46\"><\/span><div role=\"img\" class=\"wp-block-cover__image-background wp-image-463 is-repeated\" style=\"background-position:50% 84%;background-image:url(https:\/\/galensolutionsgroup.com\/wp-content\/uploads\/2022\/09\/dynamicReports.webp)\"><\/div><div class=\"wp-block-cover__inner-container is-layout-flow wp-block-cover-is-layout-flow\">\n<div class=\"wp-block-group alignwide groupwide has-white-color has-text-color has-background\" style=\"background-color:#00000000\"><div class=\"wp-block-group__inner-container is-layout-flow wp-block-group-is-layout-flow\">\n<h2 class=\"has-text-align-center has-white-color has-text-color wp-block-heading\">Informes Galen<\/h2>\n\n\n\n<p class=\"has-text-align-center\"><strong>Funciones y caracter\u00edsticas personalizadas para usted<\/strong><\/p>\n\n\n\n<div class=\"wp-block-buttons is-layout-flex wp-block-buttons-is-layout-flex\">\n<div class=\"wp-block-button aligncenter has-custom-font-size is-style-outline has-small-font-size is-style-outline--1\"><a class=\"wp-block-button__link has-black-color has-text-color has-background wp-element-button\" href=\"https:\/\/galensolutionsgroup.com\/es\/decision-support\/galen-reports\/\" style=\"border-radius:5px;background-color:#f7f6f9\"><strong>SABER M\u00c1S<\/strong><\/a><\/div>\n<\/div>\n<\/div><\/div>\n<\/div><\/div>","protected":false},"excerpt":{"rendered":"","protected":false},"author":1,"featured_media":0,"parent":83,"menu_order":0,"comment_status":"closed","ping_status":"closed","template":"","meta":{"footnotes":""},"class_list":["post-90","page","type-page","status-publish","hentry"],"aioseo_notices":[],"_links":{"self":[{"href":"https:\/\/galensolutionsgroup.com\/es\/wp-json\/wp\/v2\/pages\/90","targetHints":{"allow":["GET"]}}],"collection":[{"href":"https:\/\/galensolutionsgroup.com\/es\/wp-json\/wp\/v2\/pages"}],"about":[{"href":"https:\/\/galensolutionsgroup.com\/es\/wp-json\/wp\/v2\/types\/page"}],"author":[{"embeddable":true,"href":"https:\/\/galensolutionsgroup.com\/es\/wp-json\/wp\/v2\/users\/1"}],"replies":[{"embeddable":true,"href":"https:\/\/galensolutionsgroup.com\/es\/wp-json\/wp\/v2\/comments?post=90"}],"version-history":[{"count":9,"href":"https:\/\/galensolutionsgroup.com\/es\/wp-json\/wp\/v2\/pages\/90\/revisions"}],"predecessor-version":[{"id":895,"href":"https:\/\/galensolutionsgroup.com\/es\/wp-json\/wp\/v2\/pages\/90\/revisions\/895"}],"up":[{"embeddable":true,"href":"https:\/\/galensolutionsgroup.com\/es\/wp-json\/wp\/v2\/pages\/83"}],"wp:attachment":[{"href":"https:\/\/galensolutionsgroup.com\/es\/wp-json\/wp\/v2\/media?parent=90"}],"curies":[{"name":"wp","href":"https:\/\/api.w.org\/{rel}","templated":true}]}}