{"id":92,"date":"2022-07-16T18:16:10","date_gmt":"2022-07-16T22:16:10","guid":{"rendered":"https:\/\/galensolutionsgroup.com\/?page_id=92"},"modified":"2022-09-24T20:41:40","modified_gmt":"2022-09-25T00:41:40","slug":"pharma-medical-supply-sw","status":"publish","type":"page","link":"https:\/\/galensolutionsgroup.com\/es\/pharma-medical-supply-sw\/","title":{"rendered":"SW de suministros m\u00e9dicos farmac\u00e9uticos"},"content":{"rendered":"<div class=\"wp-block-cover alignfull\"><span aria-hidden=\"true\" class=\"wp-block-cover__background has-background-dim-0 has-background-dim\" style=\"background-color:#0c1d46\"><\/span><img loading=\"lazy\" decoding=\"async\" width=\"720\" height=\"416\" class=\"wp-block-cover__image-background wp-image-514\" alt=\"\" src=\"https:\/\/galensolutionsgroup.com\/wp-content\/uploads\/2022\/09\/gsg_Slide_Background_cropped.jpg\" data-object-fit=\"cover\" srcset=\"https:\/\/galensolutionsgroup.com\/wp-content\/uploads\/2022\/09\/gsg_Slide_Background_cropped.jpg 720w, https:\/\/galensolutionsgroup.com\/wp-content\/uploads\/2022\/09\/gsg_Slide_Background_cropped-300x173.jpg 300w, https:\/\/galensolutionsgroup.com\/wp-content\/uploads\/2022\/09\/gsg_Slide_Background_cropped-18x10.jpg 18w\" sizes=\"auto, (max-width: 720px) 100vw, 720px\" \/><div class=\"wp-block-cover__inner-container is-layout-flow wp-block-cover-is-layout-flow\">\n<div class=\"wp-block-group alignwide groupwide has-white-color has-text-color has-background\" style=\"background-color:#00000000\"><div class=\"wp-block-group__inner-container is-layout-flow wp-block-group-is-layout-flow\">\n<h2 class=\"alignfull has-text-align-center has-white-color has-text-color wp-block-heading\">Aplicaci\u00f3n de suministros farmac\u00e9uticos y m\u00e9dicos<\/h2>\n\n\n\n<div class=\"wp-block-media-text alignwide has-media-on-the-right is-stacked-on-mobile\" style=\"grid-template-columns:auto 46%\"><div class=\"wp-block-media-text__content\">\n<ul class=\"has-white-color has-text-color wp-block-list\">\n<li>Galen reduce el costo de compra de medicamentos o suministros m\u00e9dicos y minimiza el tiempo para monitorear y administrar el poder adquisitivo. Adem\u00e1s, se eliminan o reducen los DIR y se muestra la Transparencia PBM a los usuarios. Una farmacia comunitaria o un centro m\u00e9dico obtiene el control de las operaciones mediante la implementaci\u00f3n de decisiones empresariales sin interferencia externa. \u00a0\u00a0\u00a0\u00a0\u00a0\u00a0\u00a0\u00a0\u00a0\u00a0\u00a0\u00a0\u00a0\u00a0\u00a0\u00a0\u00a0\u00a0\u00a0\u00a0\u00a0\u00a0\u00a0<\/li>\n\n\n\n<li>En resumen, la aplicaci\u00f3n de Galen Decision Support permitir\u00e1 al usuario: Transparencia de PBM\n<ul class=\"wp-block-list\">\n<li>Aumentos de reembolso&nbsp;<\/li>\n\n\n\n<li>Independencia completa&nbsp;<strong>T\u00fa&nbsp;<\/strong>mantener sus datos&nbsp;<\/li>\n\n\n\n<li><strong>T\u00fa&nbsp;<\/strong>tomar decisiones para reducir costos y aumentar las ganancias<\/li>\n\n\n\n<li><strong>T\u00fa&nbsp;<\/strong>tomar la decisi\u00f3n de utilizar un PBM o trabajar de forma independiente &nbsp;&nbsp;&nbsp;<\/li>\n<\/ul>\n<\/li>\n<\/ul>\n<\/div><figure class=\"wp-block-media-text__media\"><img loading=\"lazy\" decoding=\"async\" width=\"400\" height=\"276\" src=\"https:\/\/galensolutionsgroup.com\/wp-content\/uploads\/2022\/07\/PSW_Application.webp\" alt=\"\" class=\"wp-image-182 size-full\" srcset=\"https:\/\/galensolutionsgroup.com\/wp-content\/uploads\/2022\/07\/PSW_Application.webp 400w, https:\/\/galensolutionsgroup.com\/wp-content\/uploads\/2022\/07\/PSW_Application-300x207.webp 300w, https:\/\/galensolutionsgroup.com\/wp-content\/uploads\/2022\/07\/PSW_Application-18x12.webp 18w\" sizes=\"auto, (max-width: 400px) 100vw, 400px\" \/><\/figure><\/div>\n\n\n\n<div style=\"height:27px\" aria-hidden=\"true\" class=\"wp-block-spacer\"><\/div>\n\n\n\n<div class=\"wp-block-media-text alignwide is-stacked-on-mobile is-vertically-aligned-top\" style=\"grid-template-columns:54% auto\"><figure class=\"wp-block-media-text__media\"><img loading=\"lazy\" decoding=\"async\" width=\"600\" height=\"300\" src=\"https:\/\/galensolutionsgroup.com\/wp-content\/uploads\/2022\/07\/PSW_HowDoWeDoThat.webp\" alt=\"\" class=\"wp-image-183 size-full\" srcset=\"https:\/\/galensolutionsgroup.com\/wp-content\/uploads\/2022\/07\/PSW_HowDoWeDoThat.webp 600w, https:\/\/galensolutionsgroup.com\/wp-content\/uploads\/2022\/07\/PSW_HowDoWeDoThat-300x150.webp 300w, https:\/\/galensolutionsgroup.com\/wp-content\/uploads\/2022\/07\/PSW_HowDoWeDoThat-18x9.webp 18w\" sizes=\"auto, (max-width: 600px) 100vw, 600px\" \/><\/figure><div class=\"wp-block-media-text__content\">\n<h3 class=\"has-text-align-center has-medium-font-size wp-block-heading\">\u00bfCOMO HACEMOS ESO?<\/h3>\n\n\n\n<ul class=\"wp-block-list\">\n<li>Galen produce informes personalizados que le permiten tomar sus decisiones de forma independiente con una reducci\u00f3n importante de las tendencias operativas. Hay varios distribuidores, pero muchos se limitan a usar uno. Galen permite\u00a0<strong>T\u00fa\u00a0<\/strong>para seleccionar los distribuidores de su elecci\u00f3n y ejecutar un informe de comparaci\u00f3n de costos automatizado que identifique los ahorros m\u00e1ximos en minutos. Galen permite\u00a0<strong>T\u00fa<\/strong>\u00a0para controlar sus negociaciones y devoluci\u00f3n de reembolso. \u00a0\u00a0\u00a0\u00a0\u00a0\u00a0\u00a0<\/li>\n<\/ul>\n\n\n\n<div class=\"wp-block-buttons is-layout-flex wp-block-buttons-is-layout-flex\">\n<div class=\"wp-block-button aligncenter is-style-outline is-style-outline--1\"><a class=\"wp-block-button__link has-white-color has-text-color has-background wp-element-button\" href=\"https:\/\/galensolutionsgroup.com\/es\/decision-support\/galen-reports\/\" style=\"border-radius:5px;background-color:#0c1d46\">APRENDE M\u00c1S<\/a><\/div>\n<\/div>\n<\/div><\/div>\n<\/div><\/div>\n<\/div><\/div>","protected":false},"excerpt":{"rendered":"","protected":false},"author":1,"featured_media":0,"parent":0,"menu_order":0,"comment_status":"closed","ping_status":"closed","template":"","meta":{"footnotes":""},"class_list":["post-92","page","type-page","status-publish","hentry"],"aioseo_notices":[],"_links":{"self":[{"href":"https:\/\/galensolutionsgroup.com\/es\/wp-json\/wp\/v2\/pages\/92","targetHints":{"allow":["GET"]}}],"collection":[{"href":"https:\/\/galensolutionsgroup.com\/es\/wp-json\/wp\/v2\/pages"}],"about":[{"href":"https:\/\/galensolutionsgroup.com\/es\/wp-json\/wp\/v2\/types\/page"}],"author":[{"embeddable":true,"href":"https:\/\/galensolutionsgroup.com\/es\/wp-json\/wp\/v2\/users\/1"}],"replies":[{"embeddable":true,"href":"https:\/\/galensolutionsgroup.com\/es\/wp-json\/wp\/v2\/comments?post=92"}],"version-history":[{"count":10,"href":"https:\/\/galensolutionsgroup.com\/es\/wp-json\/wp\/v2\/pages\/92\/revisions"}],"predecessor-version":[{"id":898,"href":"https:\/\/galensolutionsgroup.com\/es\/wp-json\/wp\/v2\/pages\/92\/revisions\/898"}],"wp:attachment":[{"href":"https:\/\/galensolutionsgroup.com\/es\/wp-json\/wp\/v2\/media?parent=92"}],"curies":[{"name":"wp","href":"https:\/\/api.w.org\/{rel}","templated":true}]}}