{"id":96,"date":"2022-07-16T18:29:01","date_gmt":"2022-07-16T22:29:01","guid":{"rendered":"https:\/\/galensolutionsgroup.com\/?page_id=96"},"modified":"2022-09-24T21:04:50","modified_gmt":"2022-09-25T01:04:50","slug":"pbm-compliance","status":"publish","type":"page","link":"https:\/\/galensolutionsgroup.com\/es\/pbms-and-rebates\/pbm-compliance\/","title":{"rendered":"Cumplimiento de PBM"},"content":{"rendered":"<div class=\"wp-block-cover alignfull\" style=\"min-height:255px;aspect-ratio:unset;\"><span aria-hidden=\"true\" class=\"wp-block-cover__background has-white-background-color has-background-dim-10 has-background-dim\"><\/span><img loading=\"lazy\" decoding=\"async\" width=\"237\" height=\"175\" class=\"wp-block-cover__image-background wp-image-490\" alt=\"\" src=\"https:\/\/galensolutionsgroup.com\/wp-content\/uploads\/2022\/09\/dollars.jpg\" data-object-fit=\"cover\" srcset=\"https:\/\/galensolutionsgroup.com\/wp-content\/uploads\/2022\/09\/dollars.jpg 237w, https:\/\/galensolutionsgroup.com\/wp-content\/uploads\/2022\/09\/dollars-16x12.jpg 16w\" sizes=\"auto, (max-width: 237px) 100vw, 237px\" \/><div class=\"wp-block-cover__inner-container is-layout-flow wp-block-cover-is-layout-flow\">\n<div class=\"wp-block-group alignwide groupwide\"><div class=\"wp-block-group__inner-container is-layout-flow wp-block-group-is-layout-flow\">\n<h2 class=\"alignfull has-text-align-center wp-block-heading\">Cumplimiento de PBM<\/h2>\n\n\n\n<p class=\"has-text-align-center has-medium-font-size\"><strong>Galen DSS proporciona informes GER de medicamentos gen\u00e9ricos a medicamentos de marca que ayudan a las farmacias comunitarias independientes y los centros m\u00e9dicos con informaci\u00f3n que reduce Claw Backs y DIR.<\/strong><\/p>\n<\/div><\/div>\n<\/div><\/div>\n\n\n\n<div class=\"wp-block-cover alignfull\"><span aria-hidden=\"true\" class=\"wp-block-cover__background has-background-dim-0 has-background-dim\" style=\"background-color:#0c1d46\"><\/span><img loading=\"lazy\" decoding=\"async\" width=\"720\" height=\"416\" class=\"wp-block-cover__image-background wp-image-514\" alt=\"\" src=\"https:\/\/galensolutionsgroup.com\/wp-content\/uploads\/2022\/09\/gsg_Slide_Background_cropped.jpg\" data-object-fit=\"cover\" srcset=\"https:\/\/galensolutionsgroup.com\/wp-content\/uploads\/2022\/09\/gsg_Slide_Background_cropped.jpg 720w, https:\/\/galensolutionsgroup.com\/wp-content\/uploads\/2022\/09\/gsg_Slide_Background_cropped-300x173.jpg 300w, https:\/\/galensolutionsgroup.com\/wp-content\/uploads\/2022\/09\/gsg_Slide_Background_cropped-18x10.jpg 18w\" sizes=\"auto, (max-width: 720px) 100vw, 720px\" \/><div class=\"wp-block-cover__inner-container is-layout-flow wp-block-cover-is-layout-flow\">\n<div class=\"wp-block-group alignwide groupwide has-white-color has-text-color has-background\" style=\"background-color:#00000000\"><div class=\"wp-block-group__inner-container is-layout-flow wp-block-group-is-layout-flow\">\n<div class=\"wp-block-columns alignfull is-layout-flex wp-container-core-columns-is-layout-9d6595d7 wp-block-columns-is-layout-flex\">\n<div class=\"wp-block-column is-layout-flow wp-block-column-is-layout-flow\">\n<h4 class=\"has-text-align-center has-white-color has-text-color wp-block-heading\"><br>PBMS y REEMBOLSOS<\/h4>\n\n\n<div class=\"wp-block-image\">\n<figure class=\"aligncenter size-full\"><img loading=\"lazy\" decoding=\"async\" width=\"388\" height=\"194\" src=\"https:\/\/galensolutionsgroup.com\/wp-content\/uploads\/2022\/07\/PC_Rebates.webp\" alt=\"\" class=\"wp-image-189\" srcset=\"https:\/\/galensolutionsgroup.com\/wp-content\/uploads\/2022\/07\/PC_Rebates.webp 388w, https:\/\/galensolutionsgroup.com\/wp-content\/uploads\/2022\/07\/PC_Rebates-300x150.webp 300w, https:\/\/galensolutionsgroup.com\/wp-content\/uploads\/2022\/07\/PC_Rebates-18x9.webp 18w\" sizes=\"auto, (max-width: 388px) 100vw, 388px\" \/><\/figure>\n<\/div>\n\n\n<ul class=\"wp-block-list\">\n<li>Los Gerentes de Beneficios de Farmacia (PBM) coordinan las adquisiciones de medicamentos entre las Farmacias Comunitarias, las Instalaciones M\u00e9dicas\/Veterinarias y los Distribuidores<\/li>\n\n\n\n<li>Los distribuidores otorgan reembolsos a las Farmacias comunitarias o Centros m\u00e9dicos que compran una cantidad espec\u00edfica de un medicamento.&nbsp;<\/li>\n\n\n\n<li>Este es el &quot;Umbral&quot; estimado<\/li>\n\n\n\n<li>Los PBM obtienen el reembolso y lo pasan a la Farmacia Comunitaria o al Centro M\u00e9dico<\/li>\n<\/ul>\n<\/div>\n\n\n\n<div class=\"wp-block-column is-layout-flow wp-block-column-is-layout-flow\">\n<h4 class=\"has-text-align-center has-white-color has-text-color wp-block-heading\">C\u00d3MO PODEMOS<br>\u00bfGARANTIZAR EL CUMPLIMIENTO?<\/h4>\n\n\n<div class=\"wp-block-image\">\n<figure class=\"aligncenter size-full\"><img loading=\"lazy\" decoding=\"async\" width=\"388\" height=\"194\" src=\"https:\/\/galensolutionsgroup.com\/wp-content\/uploads\/2022\/07\/PC_HowDoWe.webp\" alt=\"\" class=\"wp-image-188\" srcset=\"https:\/\/galensolutionsgroup.com\/wp-content\/uploads\/2022\/07\/PC_HowDoWe.webp 388w, https:\/\/galensolutionsgroup.com\/wp-content\/uploads\/2022\/07\/PC_HowDoWe-300x150.webp 300w, https:\/\/galensolutionsgroup.com\/wp-content\/uploads\/2022\/07\/PC_HowDoWe-18x9.webp 18w\" sizes=\"auto, (max-width: 388px) 100vw, 388px\" \/><\/figure>\n<\/div>\n\n\n<ul class=\"wp-block-list\">\n<li>Informe de reembolso:\n<ul class=\"wp-block-list\">\n<li>Se accede al archivo del cliente para identificar el costo actual del medicamento<\/li>\n\n\n\n<li>Se identifican los distribuidores y sus precios.<\/li>\n\n\n\n<li>La Tasa Efectiva Gen\u00e9rica (GER) es utilizada por un PBM para calcular un reembolso asignado a la Farmacia Comunitaria o al Centro M\u00e9dico\/Veterinario<\/li>\n\n\n\n<li>Usando el GER, el informe del cliente y el reembolso de PBM, el costo del medicamento, despu\u00e9s de establecer el reembolso, es el costo de la Farmacia Comunitaria o del Centro M\u00e9dico\/Veterinario<\/li>\n<\/ul>\n<\/li>\n\n\n\n<li>Reportes Galen GER y Ratio\n<ul class=\"wp-block-list\">\n<li>El informe GER se calcula peri\u00f3dicamente para garantizar que las proporciones de medicamentos gen\u00e9ricos y de marca se acerquen a la especificaci\u00f3n PBM. Si las proporciones calculadas de GER y medicamentos se mantienen cerca de las especificaciones, se mantendr\u00e1n los reembolsos y se minimizar\u00e1n las recuperaciones.<\/li>\n<\/ul>\n<\/li>\n<\/ul>\n<\/div>\n\n\n\n<div class=\"wp-block-column is-layout-flow wp-block-column-is-layout-flow\">\n<h4 class=\"has-text-align-center has-white-color has-text-color wp-block-heading\"><br>Resultados usando Galen DSS<\/h4>\n\n\n<div class=\"wp-block-image\">\n<figure class=\"aligncenter size-full\"><img loading=\"lazy\" decoding=\"async\" width=\"388\" height=\"194\" src=\"https:\/\/galensolutionsgroup.com\/wp-content\/uploads\/2022\/07\/PC_Results.webp\" alt=\"\" class=\"wp-image-190\" srcset=\"https:\/\/galensolutionsgroup.com\/wp-content\/uploads\/2022\/07\/PC_Results.webp 388w, https:\/\/galensolutionsgroup.com\/wp-content\/uploads\/2022\/07\/PC_Results-300x150.webp 300w, https:\/\/galensolutionsgroup.com\/wp-content\/uploads\/2022\/07\/PC_Results-18x9.webp 18w\" sizes=\"auto, (max-width: 388px) 100vw, 388px\" \/><\/figure>\n<\/div>\n\n\n<ul class=\"wp-block-list\">\n<li>\u00a0Los c\u00e1lculos de reembolso est\u00e1n disponibles para una farmacia comunitaria y un centro m\u00e9dico\/veterinario: los precios se vuelven transparentes<\/li>\n\n\n\n<li>Las negociaciones productivas est\u00e1n disponibles para la Farmacia Comunitaria o el Centro M\u00e9dico\/Veterinario\u00a0<\/li>\n<\/ul>\n<\/div>\n<\/div>\n\n\n\n<h2 class=\"has-text-align-center has-white-color has-text-color wp-block-heading\">Caracteristicas y funciones<\/h2>\n\n\n<div class=\"wp-block-image\">\n<figure class=\"aligncenter size-full is-resized\"><img loading=\"lazy\" decoding=\"async\" src=\"https:\/\/galensolutionsgroup.com\/wp-content\/uploads\/2022\/09\/hand_icons.webp\" alt=\"\" class=\"wp-image-461\" width=\"666\" height=\"391\" srcset=\"https:\/\/galensolutionsgroup.com\/wp-content\/uploads\/2022\/09\/hand_icons.webp 298w, https:\/\/galensolutionsgroup.com\/wp-content\/uploads\/2022\/09\/hand_icons-18x12.webp 18w\" sizes=\"auto, (max-width: 666px) 100vw, 666px\" \/><\/figure>\n<\/div>\n\n\n<div style=\"height:25px\" aria-hidden=\"true\" class=\"wp-block-spacer\"><\/div>\n\n\n\n<div class=\"wp-block-buttons is-layout-flex wp-block-buttons-is-layout-flex\">\n<div class=\"wp-block-button aligncenter is-style-outline is-style-outline--1\"><a class=\"wp-block-button__link has-white-color has-text-color has-background wp-element-button\" href=\"https:\/\/galensolutionsgroup.com\/es\/pbms-and-rebates\/pharmaceutical-functions\/\" style=\"border-radius:5px;background-color:#0c1d46\">APRENDE M\u00c1S<\/a><\/div>\n<\/div>\n<\/div><\/div>\n<\/div><\/div>","protected":false},"excerpt":{"rendered":"","protected":false},"author":1,"featured_media":0,"parent":94,"menu_order":0,"comment_status":"closed","ping_status":"closed","template":"","meta":{"footnotes":""},"class_list":["post-96","page","type-page","status-publish","hentry"],"aioseo_notices":[],"_links":{"self":[{"href":"https:\/\/galensolutionsgroup.com\/es\/wp-json\/wp\/v2\/pages\/96","targetHints":{"allow":["GET"]}}],"collection":[{"href":"https:\/\/galensolutionsgroup.com\/es\/wp-json\/wp\/v2\/pages"}],"about":[{"href":"https:\/\/galensolutionsgroup.com\/es\/wp-json\/wp\/v2\/types\/page"}],"author":[{"embeddable":true,"href":"https:\/\/galensolutionsgroup.com\/es\/wp-json\/wp\/v2\/users\/1"}],"replies":[{"embeddable":true,"href":"https:\/\/galensolutionsgroup.com\/es\/wp-json\/wp\/v2\/comments?post=96"}],"version-history":[{"count":9,"href":"https:\/\/galensolutionsgroup.com\/es\/wp-json\/wp\/v2\/pages\/96\/revisions"}],"predecessor-version":[{"id":907,"href":"https:\/\/galensolutionsgroup.com\/es\/wp-json\/wp\/v2\/pages\/96\/revisions\/907"}],"up":[{"embeddable":true,"href":"https:\/\/galensolutionsgroup.com\/es\/wp-json\/wp\/v2\/pages\/94"}],"wp:attachment":[{"href":"https:\/\/galensolutionsgroup.com\/es\/wp-json\/wp\/v2\/media?parent=96"}],"curies":[{"name":"wp","href":"https:\/\/api.w.org\/{rel}","templated":true}]}}