{"id":98,"date":"2022-07-16T18:29:29","date_gmt":"2022-07-16T22:29:29","guid":{"rendered":"https:\/\/galensolutionsgroup.com\/?page_id=98"},"modified":"2023-03-21T18:09:57","modified_gmt":"2023-03-21T22:09:57","slug":"pharmaceutical-functions","status":"publish","type":"page","link":"https:\/\/galensolutionsgroup.com\/es\/pharmaceutical-functions\/","title":{"rendered":"Funciones farmac\u00e9uticas"},"content":{"rendered":"<div class=\"wp-block-cover alignfull\"><span aria-hidden=\"true\" class=\"wp-block-cover__background has-white-background-color has-background-dim-0 has-background-dim\"><\/span><img loading=\"lazy\" decoding=\"async\" width=\"720\" height=\"416\" class=\"wp-block-cover__image-background wp-image-514\" alt=\"\" src=\"https:\/\/galensolutionsgroup.com\/wp-content\/uploads\/2022\/09\/gsg_Slide_Background_cropped.jpg\" data-object-fit=\"cover\" srcset=\"https:\/\/galensolutionsgroup.com\/wp-content\/uploads\/2022\/09\/gsg_Slide_Background_cropped.jpg 720w, https:\/\/galensolutionsgroup.com\/wp-content\/uploads\/2022\/09\/gsg_Slide_Background_cropped-300x173.jpg 300w, https:\/\/galensolutionsgroup.com\/wp-content\/uploads\/2022\/09\/gsg_Slide_Background_cropped-18x10.jpg 18w\" sizes=\"auto, (max-width: 720px) 100vw, 720px\" \/><div class=\"wp-block-cover__inner-container is-layout-flow wp-block-cover-is-layout-flow\">\n<div class=\"wp-block-group alignwide groupwide\"><div class=\"wp-block-group__inner-container is-layout-flow wp-block-group-is-layout-flow\">\n<h2 class=\"wp-block-heading has-text-align-center\">Funciones y caracter\u00edsticas clave farmac\u00e9uticas<\/h2>\n\n\n\n<hr class=\"wp-block-separator has-text-color has-alpha-channel-opacity has-background\" style=\"background-color:#aaafc6;color:#aaafc6\"\/>\n\n\n<div class=\"wp-block-image\">\n<figure class=\"aligncenter size-large\"><img loading=\"lazy\" decoding=\"async\" width=\"1024\" height=\"564\" src=\"https:\/\/galensolutionsgroup.com\/wp-content\/uploads\/2022\/09\/pharmaChart.cropped-1024x564.png\" alt=\"\" class=\"wp-image-771\" srcset=\"https:\/\/galensolutionsgroup.com\/wp-content\/uploads\/2022\/09\/pharmaChart.cropped-1024x564.png 1024w, https:\/\/galensolutionsgroup.com\/wp-content\/uploads\/2022\/09\/pharmaChart.cropped-300x165.png 300w, https:\/\/galensolutionsgroup.com\/wp-content\/uploads\/2022\/09\/pharmaChart.cropped-768x423.png 768w, https:\/\/galensolutionsgroup.com\/wp-content\/uploads\/2022\/09\/pharmaChart.cropped-1536x845.png 1536w, https:\/\/galensolutionsgroup.com\/wp-content\/uploads\/2022\/09\/pharmaChart.cropped-2048x1127.png 2048w, https:\/\/galensolutionsgroup.com\/wp-content\/uploads\/2022\/09\/pharmaChart.cropped-18x10.png 18w\" sizes=\"auto, (max-width: 1024px) 100vw, 1024px\" \/><\/figure>\n<\/div>\n\n\n<p class=\"has-text-align-center has-medium-font-size\"><strong><em>Transparencia total de costos, suministro y control de inventario optimizado<\/em><\/strong><\/p>\n\n\n\n<p><strong>Galen Pharma Decision Support System (DSS) presenta un men\u00fa para un usuario con opciones para realizar la optimizaci\u00f3n de costos, el an\u00e1lisis de costos o seleccionar de una lista de informes de personalizaci\u00f3n adicionales que abordan varias funciones que ayudan con aspectos destacados administrativos, gerenciales y de cumplimiento. Por ejemplo, se muestran cuentas corrientes de ventas anteriores de medicamentos de marca, gen\u00e9ricos y especializados. Utilizando los archivos de distribuidores disponibles, se pueden realizar b\u00fasquedas para sustituir medicamentos de marca por medicamentos gen\u00e9ricos para reducir costos. Otras posibilidades incluyen un c\u00e1lculo de la demanda futura estimada de un f\u00e1rmaco y un control de inventario optimizado. Galen DSS destaca la transparencia de PBM, reduce el costo de los medicamentos requeridos y amplifica las ganancias casi en tiempo real.<\/strong><\/p>\n<\/div><\/div>\n<\/div><\/div>\n\n\n\n<div class=\"wp-block-cover alignfull is-repeated\"><span aria-hidden=\"true\" class=\"wp-block-cover__background has-background-dim-0 has-background-dim\" style=\"background-color:#0c1d46\"><\/span><div role=\"img\" class=\"wp-block-cover__image-background wp-image-463 is-repeated\" style=\"background-position:48% 80%;background-image:url(https:\/\/galensolutionsgroup.com\/wp-content\/uploads\/2022\/09\/dynamicReports.webp)\"><\/div><div class=\"wp-block-cover__inner-container is-layout-flow wp-block-cover-is-layout-flow\">\n<div class=\"wp-block-group alignwide groupwide has-background\" style=\"background-color:#00000000\"><div class=\"wp-block-group__inner-container is-layout-flow wp-block-group-is-layout-flow\">\n<h2 class=\"wp-block-heading has-text-align-center has-white-color has-text-color\">Informes Galen<\/h2>\n\n\n\n<h4 class=\"wp-block-heading has-text-align-center has-white-color has-text-color has-medium-font-size\"><strong>Funciones y caracter\u00edsticas personalizadas para usted<\/strong><\/h4>\n\n\n\n<div class=\"wp-block-buttons is-layout-flex wp-block-buttons-is-layout-flex\">\n<div class=\"wp-block-button has-custom-font-size aligncenter has-small-font-size\"><a class=\"wp-block-button__link has-black-color has-text-color has-background wp-element-button\" href=\"https:\/\/galensolutionsgroup.com\/es\/decision-support\/galen-reports\/\" style=\"border-radius:5px;background-color:#f7f6f9\"><strong>SABER M\u00c1S<\/strong><\/a><\/div>\n<\/div>\n<\/div><\/div>\n<\/div><\/div>","protected":false},"excerpt":{"rendered":"","protected":false},"author":1,"featured_media":0,"parent":0,"menu_order":0,"comment_status":"closed","ping_status":"closed","template":"","meta":{"footnotes":""},"class_list":["post-98","page","type-page","status-publish","hentry"],"aioseo_notices":[],"_links":{"self":[{"href":"https:\/\/galensolutionsgroup.com\/es\/wp-json\/wp\/v2\/pages\/98","targetHints":{"allow":["GET"]}}],"collection":[{"href":"https:\/\/galensolutionsgroup.com\/es\/wp-json\/wp\/v2\/pages"}],"about":[{"href":"https:\/\/galensolutionsgroup.com\/es\/wp-json\/wp\/v2\/types\/page"}],"author":[{"embeddable":true,"href":"https:\/\/galensolutionsgroup.com\/es\/wp-json\/wp\/v2\/users\/1"}],"replies":[{"embeddable":true,"href":"https:\/\/galensolutionsgroup.com\/es\/wp-json\/wp\/v2\/comments?post=98"}],"version-history":[{"count":10,"href":"https:\/\/galensolutionsgroup.com\/es\/wp-json\/wp\/v2\/pages\/98\/revisions"}],"predecessor-version":[{"id":938,"href":"https:\/\/galensolutionsgroup.com\/es\/wp-json\/wp\/v2\/pages\/98\/revisions\/938"}],"wp:attachment":[{"href":"https:\/\/galensolutionsgroup.com\/es\/wp-json\/wp\/v2\/media?parent=98"}],"curies":[{"name":"wp","href":"https:\/\/api.w.org\/{rel}","templated":true}]}}